{"id":69,"date":"2020-11-10T01:24:56","date_gmt":"2020-11-09T15:54:56","guid":{"rendered":"http:\/\/confeccionesglem.com\/?page_id=69"},"modified":"2022-08-03T07:48:54","modified_gmt":"2022-08-02T22:18:54","slug":"nosotros","status":"publish","type":"page","link":"https:\/\/confeccionesglem.com\/index.php\/nosotros\/","title":{"rendered":"Nosotros"},"content":{"rendered":"\n<h5 class=\"has-text-align-center has-black-color has-text-color has-medium-font-size wp-block-heading\"><strong>Somos Glem un taller de confecci\u00f3n de prendas para hombre con m\u00e1s de 30 a\u00f1os de experiencia, trabajamos en equipo para dise\u00f1ar y producir prendas de las cuales estamos orgullosos por sus altos est\u00e1ndares de calidad<\/strong><\/h5>\n\n\n\n<p><\/p>\n","protected":false},"excerpt":{"rendered":"<p>Somos Glem un taller de confecci\u00f3n de prendas para hombre con m\u00e1s de 30 a\u00f1os de experiencia, trabajamos en equipo para dise\u00f1ar y producir prendas de las cuales estamos orgullosos por sus altos est\u00e1ndares de calidad<\/p>\n","protected":false},"author":1,"featured_media":0,"parent":0,"menu_order":0,"comment_status":"closed","ping_status":"closed","template":"template-about.php","meta":{"footnotes":""},"_links":{"self":[{"href":"https:\/\/confeccionesglem.com\/index.php\/wp-json\/wp\/v2\/pages\/69"}],"collection":[{"href":"https:\/\/confeccionesglem.com\/index.php\/wp-json\/wp\/v2\/pages"}],"about":[{"href":"https:\/\/confeccionesglem.com\/index.php\/wp-json\/wp\/v2\/types\/page"}],"author":[{"embeddable":true,"href":"https:\/\/confeccionesglem.com\/index.php\/wp-json\/wp\/v2\/users\/1"}],"replies":[{"embeddable":true,"href":"https:\/\/confeccionesglem.com\/index.php\/wp-json\/wp\/v2\/comments?post=69"}],"version-history":[{"count":18,"href":"https:\/\/confeccionesglem.com\/index.php\/wp-json\/wp\/v2\/pages\/69\/revisions"}],"predecessor-version":[{"id":567,"href":"https:\/\/confeccionesglem.com\/index.php\/wp-json\/wp\/v2\/pages\/69\/revisions\/567"}],"wp:attachment":[{"href":"https:\/\/confeccionesglem.com\/index.php\/wp-json\/wp\/v2\/media?parent=69"}],"curies":[{"name":"wp","href":"https:\/\/api.w.org\/{rel}","templated":true}]}}