{"id":47,"date":"2020-11-07T02:11:46","date_gmt":"2020-11-06T16:41:46","guid":{"rendered":"http:\/\/confeccionesglem.com\/?page_id=47"},"modified":"2023-01-24T14:45:06","modified_gmt":"2023-01-24T05:15:06","slug":"dotaciones","status":"publish","type":"page","link":"https:\/\/confeccionesglem.com\/index.php\/dotaciones\/","title":{"rendered":"Dotaciones"},"content":{"rendered":"\n<hr class=\"wp-block-separator has-alpha-channel-opacity\"\/>\n\n\n\n<p><\/p>\n\n\n\n<p class=\"has-text-align-center has-medium-font-size\"><strong>En Glem Confecciones ofrecemos servicios de dotaci\u00f3n de ropa corporativa personalizada y de alta calidad para empresas. Utilizamos los mejores materiales y t\u00e9cnicas para garantizar la durabilidad y comodidad de las prendas, personaliz\u00e1ndolas con el logo y colores de su empresa para aumentar su visibilidad y fortalecer su relaci\u00f3n con clientes y proveedores. Adem\u00e1s, ayudamos a fomentar un sentido de unidad y cohesi\u00f3n entre los empleados. Ofrecemos un servicio personalizado y de alta calidad.<\/strong><\/p>\n\n\n\n<hr class=\"wp-block-separator has-alpha-channel-opacity\"\/>\n\n\n\n<figure class=\"wp-block-gallery has-nested-images columns-default is-cropped wp-block-gallery-1 is-layout-flex wp-block-gallery-is-layout-flex\">\n<figure class=\"wp-block-image size-large\"><img decoding=\"async\" loading=\"lazy\" width=\"1097\" height=\"1489\" data-id=\"524\" src=\"https:\/\/confeccionesglem.com\/wp-content\/uploads\/2021\/01\/calidad-01-1.jpg\" alt=\"\" class=\"wp-image-524\" srcset=\"https:\/\/confeccionesglem.com\/wp-content\/uploads\/2021\/01\/calidad-01-1.jpg 1097w, https:\/\/confeccionesglem.com\/wp-content\/uploads\/2021\/01\/calidad-01-1-221x300.jpg 221w, https:\/\/confeccionesglem.com\/wp-content\/uploads\/2021\/01\/calidad-01-1-754x1024.jpg 754w, https:\/\/confeccionesglem.com\/wp-content\/uploads\/2021\/01\/calidad-01-1-768x1042.jpg 768w, https:\/\/confeccionesglem.com\/wp-content\/uploads\/2021\/01\/calidad-01-1-500x679.jpg 500w, https:\/\/confeccionesglem.com\/wp-content\/uploads\/2021\/01\/calidad-01-1-800x1086.jpg 800w\" sizes=\"(max-width: 1097px) 100vw, 1097px\" \/><\/figure>\n\n\n\n<figure class=\"wp-block-image size-large\"><img decoding=\"async\" loading=\"lazy\" width=\"754\" height=\"1024\" data-id=\"521\" src=\"https:\/\/confeccionesglem.com\/wp-content\/uploads\/2021\/01\/cole-01-2-754x1024.jpg\" alt=\"\" class=\"wp-image-521\" srcset=\"https:\/\/confeccionesglem.com\/wp-content\/uploads\/2021\/01\/cole-01-2-754x1024.jpg 754w, https:\/\/confeccionesglem.com\/wp-content\/uploads\/2021\/01\/cole-01-2-221x300.jpg 221w, https:\/\/confeccionesglem.com\/wp-content\/uploads\/2021\/01\/cole-01-2-768x1042.jpg 768w, https:\/\/confeccionesglem.com\/wp-content\/uploads\/2021\/01\/cole-01-2-500x679.jpg 500w, https:\/\/confeccionesglem.com\/wp-content\/uploads\/2021\/01\/cole-01-2-800x1086.jpg 800w, https:\/\/confeccionesglem.com\/wp-content\/uploads\/2021\/01\/cole-01-2.jpg 1097w\" sizes=\"(max-width: 754px) 100vw, 754px\" \/><\/figure>\n\n\n\n<figure class=\"wp-block-image size-large\"><img decoding=\"async\" loading=\"lazy\" width=\"1097\" height=\"1489\" data-id=\"522\" src=\"https:\/\/confeccionesglem.com\/wp-content\/uploads\/2021\/01\/corpotariva-01-1.jpg\" alt=\"\" class=\"wp-image-522\" srcset=\"https:\/\/confeccionesglem.com\/wp-content\/uploads\/2021\/01\/corpotariva-01-1.jpg 1097w, https:\/\/confeccionesglem.com\/wp-content\/uploads\/2021\/01\/corpotariva-01-1-221x300.jpg 221w, https:\/\/confeccionesglem.com\/wp-content\/uploads\/2021\/01\/corpotariva-01-1-754x1024.jpg 754w, https:\/\/confeccionesglem.com\/wp-content\/uploads\/2021\/01\/corpotariva-01-1-768x1042.jpg 768w, https:\/\/confeccionesglem.com\/wp-content\/uploads\/2021\/01\/corpotariva-01-1-500x679.jpg 500w, https:\/\/confeccionesglem.com\/wp-content\/uploads\/2021\/01\/corpotariva-01-1-800x1086.jpg 800w\" sizes=\"(max-width: 1097px) 100vw, 1097px\" \/><\/figure>\n<\/figure>\n\n\n\n<hr class=\"wp-block-separator has-css-opacity\"\/>\n\n\n\n<p class=\"has-text-align-center has-medium-font-size\"><strong>En Glem Confecciones ofrecemos servicios de dotaci\u00f3n de prendas personalizadas y de alta calidad para colegios y empresas con m\u00e1s de 30 a\u00f1os de experiencia.<\/strong><\/p>\n\n\n\n<p><\/p>\n\n\n\n<div class=\"wp-block-nk-awb nk-awb  alignfull\"><div class=\"nk-awb-wrap\" data-awb-type=\"image\" data-awb-parallax=\"scroll\" data-awb-parallax-speed=\"0.5\" data-awb-parallax-mobile=\"false\" data-awb-image-background-size=\"cover\" data-awb-image-background-position=\"44% 46%\" data-awb-mouse-parallax=\"true\" data-awb-mouse-parallax-size=\"30\" data-awb-mouse-parallax-speed=\"10000\"><div class=\"nk-awb-inner\"><img decoding=\"async\" loading=\"lazy\" src=\"https:\/\/confeccionesglem.com\/wp-content\/uploads\/2021\/01\/60125211f35b8-1-500x500.jpg\" class=\"wp-image-477 jarallax-img is-layout-flow wp-block-awb-is-layout-flow\" width=\"500\" height=\"500\" srcset=\"https:\/\/confeccionesglem.com\/wp-content\/uploads\/2021\/01\/60125211f35b8-1-500x500.jpg 500w, https:\/\/confeccionesglem.com\/wp-content\/uploads\/2021\/01\/60125211f35b8-1-150x150.jpg 150w\" sizes=\"(max-width: 500px) 100vw, 500px\" \/><\/div><\/div>\n<hr class=\"wp-block-separator has-css-opacity is-style-dots\"\/>\n\n\n\n<div class=\"wp-block-group is-layout-flow wp-block-group-is-layout-flow\"><div class=\"wp-block-group__inner-container\">\n<h1 class=\"has-text-align-center has-white-color has-text-color wp-block-heading\" style=\"font-size:35px\">\u00bf<em>Preguntas<\/em>?<\/h1>\n\n\n\n<h2 class=\"has-text-align-center has-large-font-size has-white-color has-text-color wp-block-heading\"> <em>Estamos listos<\/em> <em>para reponderlas<\/em><\/h2>\n\n\n\n<p><\/p>\n<\/div><\/div>\n\n\n\n<hr class=\"wp-block-separator has-text-color has-css-opacity has-background is-style-dots\" style=\"background-color:#222223;color:#222223\"\/>\n<\/div>\n\n\n\n<hr class=\"wp-block-separator has-css-opacity\"\/>\n\n\n\n<div class=\"wp-block-columns is-layout-flex wp-container-10 wp-block-columns-is-layout-flex\">\n<div class=\"wp-block-column is-layout-flow wp-block-column-is-layout-flow\">\n<div class=\"wp-block-columns is-layout-flex wp-container-8 wp-block-columns-is-layout-flex\">\n<div class=\"wp-block-column is-layout-flow wp-block-column-is-layout-flow\"><\/div>\n\n\n\n<div class=\"wp-block-column is-layout-flow wp-block-column-is-layout-flow\"><button class=\"btg-button btg-button-3\" data-url=\"https:\/\/confeccionesglem.com\/index.php\/contacto2\/\" data-action=\"link\" onclick=\"btnaction(3)\">Cotice aqu\u00ed<\/button><style>.btg-button-3 { z-index: 999; width: 200px; height: 60px; position: relative; border-radius: 1px; border-style: none; border-color: #383838; border-width: 1px; color: #ffffff; background-color: #020202; box-shadow: 0 0 4px 0 #020202; font-family: inherit; font-size: 15px; font-weight: normal; font-style: normal; -ms-transform: rotate(0deg); -webkit-transform: rotate(0deg); transform: rotate(0deg); text-align: center; cursor: pointer; } .btg-button-3:hover { color: #ffffff; background: #686868; }<\/style>\n<\/div>\n\n\n\n<div class=\"wp-block-column is-layout-flow wp-block-column-is-layout-flow\"><\/div>\n<\/div>\n<\/div>\n<\/div>\n\n\n\n<p><\/p>\n","protected":false},"excerpt":{"rendered":"<p>En Glem Confecciones ofrecemos servicios de dotaci\u00f3n de ropa corporativa personalizada y de alta calidad para empresas. Utilizamos los mejores materiales y t\u00e9cnicas para garantizar la durabilidad y comodidad de las prendas, personaliz\u00e1ndolas con el logo y colores de su empresa para aumentar su visibilidad y fortalecer su relaci\u00f3n con clientes y proveedores. Adem\u00e1s, ayudamos [&hellip;]<\/p>\n","protected":false},"author":1,"featured_media":0,"parent":0,"menu_order":0,"comment_status":"closed","ping_status":"closed","template":"template-fullwidth.php","meta":{"footnotes":""},"_links":{"self":[{"href":"https:\/\/confeccionesglem.com\/index.php\/wp-json\/wp\/v2\/pages\/47"}],"collection":[{"href":"https:\/\/confeccionesglem.com\/index.php\/wp-json\/wp\/v2\/pages"}],"about":[{"href":"https:\/\/confeccionesglem.com\/index.php\/wp-json\/wp\/v2\/types\/page"}],"author":[{"embeddable":true,"href":"https:\/\/confeccionesglem.com\/index.php\/wp-json\/wp\/v2\/users\/1"}],"replies":[{"embeddable":true,"href":"https:\/\/confeccionesglem.com\/index.php\/wp-json\/wp\/v2\/comments?post=47"}],"version-history":[{"count":154,"href":"https:\/\/confeccionesglem.com\/index.php\/wp-json\/wp\/v2\/pages\/47\/revisions"}],"predecessor-version":[{"id":631,"href":"https:\/\/confeccionesglem.com\/index.php\/wp-json\/wp\/v2\/pages\/47\/revisions\/631"}],"wp:attachment":[{"href":"https:\/\/confeccionesglem.com\/index.php\/wp-json\/wp\/v2\/media?parent=47"}],"curies":[{"name":"wp","href":"https:\/\/api.w.org\/{rel}","templated":true}]}}